{"id":119,"date":"2022-09-15T16:30:04","date_gmt":"2022-09-15T07:30:04","guid":{"rendered":"http:\/\/atmysk1114.lovepop.jp\/?page_id=119"},"modified":"2022-09-24T13:44:36","modified_gmt":"2022-09-24T04:44:36","slug":"job","status":"publish","type":"page","link":"http:\/\/atmysk1114.lovepop.jp\/vi\/job\/","title":{"rendered":"th\u00f4ng tin c\u00f4ng vi\u1ec7c"},"content":{"rendered":"\n<h2 class=\"wp-block-heading\">L\u1ee3i \u00edch c\u1ee7a WONE<\/h2>\n\n\n\n<div class=\"wp-block-columns is-layout-flex wp-container-core-columns-is-layout-9d6595d7 wp-block-columns-is-layout-flex\">\n<div class=\"wp-block-column is-layout-flow wp-block-column-is-layout-flow\">\n<figure class=\"wp-block-image size-full\"><img loading=\"lazy\" decoding=\"async\" width=\"394\" height=\"263\" src=\"http:\/\/atmysk1114.lovepop.jp\/wp-content\/uploads\/2022\/09\/914a34f395c9f6cb575382159d4aeabb-1.png\" alt=\"\" class=\"wp-image-94\" srcset=\"http:\/\/atmysk1114.lovepop.jp\/wp-content\/uploads\/2022\/09\/914a34f395c9f6cb575382159d4aeabb-1.png 394w, http:\/\/atmysk1114.lovepop.jp\/wp-content\/uploads\/2022\/09\/914a34f395c9f6cb575382159d4aeabb-1-300x200.png 300w\" sizes=\"auto, (max-width: 394px) 100vw, 394px\" \/><figcaption><strong>Ho\u00e0n th\u00e0nh v\u1edbi ph\u01b0\u01a1ng ti\u1ec7n di chuy\u1ec3n!<br>Ngay c\u1ea3 khi b\u1ea1n kh\u00f4ng c\u00f3 b\u1eb1ng l\u00e1i xe, ch\u00fang t\u00f4i s\u1ebd \u0111\u01b0a b\u1ea1n \u0111\u1ebfn n\u01a1i l\u00e0m vi\u1ec7c c\u1ee7a b\u1ea1n b\u1eb1ng xe \u00f4 t\u00f4 l\u1ecbch s\u1ef1!<\/strong><\/figcaption><\/figure>\n<\/div>\n\n\n\n<div class=\"wp-block-column is-layout-flow wp-block-column-is-layout-flow\">\n<figure class=\"wp-block-image size-full\"><img loading=\"lazy\" decoding=\"async\" width=\"394\" height=\"263\" src=\"http:\/\/atmysk1114.lovepop.jp\/wp-content\/uploads\/2022\/09\/0067c6056b27e37d236ff51f7567d231-1.png\" alt=\"\" class=\"wp-image-96\" srcset=\"http:\/\/atmysk1114.lovepop.jp\/wp-content\/uploads\/2022\/09\/0067c6056b27e37d236ff51f7567d231-1.png 394w, http:\/\/atmysk1114.lovepop.jp\/wp-content\/uploads\/2022\/09\/0067c6056b27e37d236ff51f7567d231-1-300x200.png 300w\" sizes=\"auto, (max-width: 394px) 100vw, 394px\" \/><figcaption><strong>M\u1ed9t t\u00edn \u0111\u1ed3 h\u00e0o ph\u00f3ng!<br>K\u1ec3 c\u1ea3 sau khi c\u00f3 c\u00f4ng v\u0103n, nh\u00e2n vi\u00ean ph\u1ee5 tr\u00e1ch s\u1ebd c\u1ea9n th\u1eadn theo d\u00f5i! Phi\u00ean d\u1ecbch v\u00e0 d\u1ecbch thu\u1eadt c\u0169ng c\u00f3 s\u1eb5n!<\/strong><\/figcaption><\/figure>\n<\/div>\n\n\n\n<div class=\"wp-block-column is-layout-flow wp-block-column-is-layout-flow\">\n<figure class=\"wp-block-image size-full\"><img loading=\"lazy\" decoding=\"async\" width=\"394\" height=\"263\" src=\"http:\/\/atmysk1114.lovepop.jp\/wp-content\/uploads\/2022\/09\/1d2e33aa89a552c5b51dee1df8de733d-2.png\" alt=\"\" class=\"wp-image-95\" srcset=\"http:\/\/atmysk1114.lovepop.jp\/wp-content\/uploads\/2022\/09\/1d2e33aa89a552c5b51dee1df8de733d-2.png 394w, http:\/\/atmysk1114.lovepop.jp\/wp-content\/uploads\/2022\/09\/1d2e33aa89a552c5b51dee1df8de733d-2-300x200.png 300w\" sizes=\"auto, (max-width: 394px) 100vw, 394px\" \/><figcaption><strong>Ch\u01b0\u01a1ng tr\u00ecnh ph\u00fac l\u1ee3i \u0111\u1ea7y \u0111\u1ee7!<br>Ch\u00fang ta c\u00f3 m\u1ed9t m\u00f4i tr\u01b0\u1eddng t\u1ed1t cho &#8220;b\u1ea3o hi\u1ec3m x\u00e3 h\u1ed9i&#8221;, &#8220;ngh\u1ec9 ph\u00e9p c\u00f3 l\u01b0\u01a1ng&#8221;, v\u00e0 &#8220;kh\u00e1m s\u1ee9c kh\u1ecfe&#8221;!<\/strong><\/figcaption><\/figure>\n<\/div>\n<\/div>\n\n\n\n<h2 class=\"wp-block-heading\">Ngh\u1ec1 nghi\u1ec7p<\/h2>\n\n\n\n<figure class=\"wp-block-gallery has-nested-images columns-4 is-cropped wp-block-gallery-1 is-layout-flex wp-block-gallery-is-layout-flex\">\n<figure class=\"wp-block-image size-medium\"><img loading=\"lazy\" decoding=\"async\" width=\"242\" height=\"300\" data-id=\"64\" src=\"http:\/\/atmysk1114.lovepop.jp\/wp-content\/uploads\/2022\/09\/ed87556786d73e0c9476582885a4f353-1-242x300.png\" alt=\"\" class=\"wp-image-64\" srcset=\"http:\/\/atmysk1114.lovepop.jp\/wp-content\/uploads\/2022\/09\/ed87556786d73e0c9476582885a4f353-1-242x300.png 242w, http:\/\/atmysk1114.lovepop.jp\/wp-content\/uploads\/2022\/09\/ed87556786d73e0c9476582885a4f353-1-826x1024.png 826w, http:\/\/atmysk1114.lovepop.jp\/wp-content\/uploads\/2022\/09\/ed87556786d73e0c9476582885a4f353-1-768x952.png 768w, http:\/\/atmysk1114.lovepop.jp\/wp-content\/uploads\/2022\/09\/ed87556786d73e0c9476582885a4f353-1.png 851w\" sizes=\"auto, (max-width: 242px) 100vw, 242px\" \/><\/figure>\n\n\n\n<figure class=\"wp-block-image size-large\"><img loading=\"lazy\" decoding=\"async\" width=\"839\" height=\"1024\" data-id=\"61\" src=\"http:\/\/atmysk1114.lovepop.jp\/wp-content\/uploads\/2022\/09\/6e06060b4830dae396881fca9cf4e3eb-1-839x1024.png\" alt=\"\" class=\"wp-image-61\" srcset=\"http:\/\/atmysk1114.lovepop.jp\/wp-content\/uploads\/2022\/09\/6e06060b4830dae396881fca9cf4e3eb-1-839x1024.png 839w, http:\/\/atmysk1114.lovepop.jp\/wp-content\/uploads\/2022\/09\/6e06060b4830dae396881fca9cf4e3eb-1-246x300.png 246w, http:\/\/atmysk1114.lovepop.jp\/wp-content\/uploads\/2022\/09\/6e06060b4830dae396881fca9cf4e3eb-1-768x938.png 768w, http:\/\/atmysk1114.lovepop.jp\/wp-content\/uploads\/2022\/09\/6e06060b4830dae396881fca9cf4e3eb-1.png 859w\" sizes=\"auto, (max-width: 839px) 100vw, 839px\" \/><\/figure>\n\n\n\n<figure class=\"wp-block-image size-large\"><img loading=\"lazy\" decoding=\"async\" width=\"851\" height=\"1015\" data-id=\"60\" src=\"http:\/\/atmysk1114.lovepop.jp\/wp-content\/uploads\/2022\/09\/ba1fb0925d90561adf68dbd02bdd8a9b-1.png\" alt=\"\" class=\"wp-image-60\" srcset=\"http:\/\/atmysk1114.lovepop.jp\/wp-content\/uploads\/2022\/09\/ba1fb0925d90561adf68dbd02bdd8a9b-1.png 851w, http:\/\/atmysk1114.lovepop.jp\/wp-content\/uploads\/2022\/09\/ba1fb0925d90561adf68dbd02bdd8a9b-1-252x300.png 252w, http:\/\/atmysk1114.lovepop.jp\/wp-content\/uploads\/2022\/09\/ba1fb0925d90561adf68dbd02bdd8a9b-1-768x916.png 768w\" sizes=\"auto, (max-width: 851px) 100vw, 851px\" \/><\/figure>\n\n\n\n<figure class=\"wp-block-image size-large\"><img loading=\"lazy\" decoding=\"async\" width=\"850\" height=\"1015\" data-id=\"63\" src=\"http:\/\/atmysk1114.lovepop.jp\/wp-content\/uploads\/2022\/09\/5182dc7d1aaef03eb57733af50aef48d-1.png\" alt=\"\" class=\"wp-image-63\" srcset=\"http:\/\/atmysk1114.lovepop.jp\/wp-content\/uploads\/2022\/09\/5182dc7d1aaef03eb57733af50aef48d-1.png 850w, http:\/\/atmysk1114.lovepop.jp\/wp-content\/uploads\/2022\/09\/5182dc7d1aaef03eb57733af50aef48d-1-251x300.png 251w, http:\/\/atmysk1114.lovepop.jp\/wp-content\/uploads\/2022\/09\/5182dc7d1aaef03eb57733af50aef48d-1-768x917.png 768w\" sizes=\"auto, (max-width: 850px) 100vw, 850px\" \/><\/figure>\n\n\n\n<figure class=\"wp-block-image size-large\"><img loading=\"lazy\" decoding=\"async\" width=\"850\" height=\"1025\" data-id=\"59\" src=\"http:\/\/atmysk1114.lovepop.jp\/wp-content\/uploads\/2022\/09\/373a10759b23c3dac9f42c57b44e2fdc-1.png\" alt=\"\" class=\"wp-image-59\" srcset=\"http:\/\/atmysk1114.lovepop.jp\/wp-content\/uploads\/2022\/09\/373a10759b23c3dac9f42c57b44e2fdc-1.png 850w, http:\/\/atmysk1114.lovepop.jp\/wp-content\/uploads\/2022\/09\/373a10759b23c3dac9f42c57b44e2fdc-1-249x300.png 249w, http:\/\/atmysk1114.lovepop.jp\/wp-content\/uploads\/2022\/09\/373a10759b23c3dac9f42c57b44e2fdc-1-768x926.png 768w\" sizes=\"auto, (max-width: 850px) 100vw, 850px\" \/><\/figure>\n\n\n\n<figure class=\"wp-block-image size-large\"><img loading=\"lazy\" decoding=\"async\" width=\"817\" height=\"1024\" data-id=\"62\" src=\"http:\/\/atmysk1114.lovepop.jp\/wp-content\/uploads\/2022\/09\/88bc4a00b34d7607f50c9977889d5c09-1-817x1024.png\" alt=\"\" class=\"wp-image-62\" srcset=\"http:\/\/atmysk1114.lovepop.jp\/wp-content\/uploads\/2022\/09\/88bc4a00b34d7607f50c9977889d5c09-1-817x1024.png 817w, http:\/\/atmysk1114.lovepop.jp\/wp-content\/uploads\/2022\/09\/88bc4a00b34d7607f50c9977889d5c09-1-239x300.png 239w, http:\/\/atmysk1114.lovepop.jp\/wp-content\/uploads\/2022\/09\/88bc4a00b34d7607f50c9977889d5c09-1-768x962.png 768w, http:\/\/atmysk1114.lovepop.jp\/wp-content\/uploads\/2022\/09\/88bc4a00b34d7607f50c9977889d5c09-1.png 850w\" sizes=\"auto, (max-width: 817px) 100vw, 817px\" \/><\/figure>\n\n\n\n<figure class=\"wp-block-image size-large\"><img loading=\"lazy\" decoding=\"async\" width=\"850\" height=\"1015\" data-id=\"65\" src=\"http:\/\/atmysk1114.lovepop.jp\/wp-content\/uploads\/2022\/09\/5a009134f36dd6ea110bc429ad19ae19-1.png\" alt=\"\" class=\"wp-image-65\" srcset=\"http:\/\/atmysk1114.lovepop.jp\/wp-content\/uploads\/2022\/09\/5a009134f36dd6ea110bc429ad19ae19-1.png 850w, http:\/\/atmysk1114.lovepop.jp\/wp-content\/uploads\/2022\/09\/5a009134f36dd6ea110bc429ad19ae19-1-251x300.png 251w, http:\/\/atmysk1114.lovepop.jp\/wp-content\/uploads\/2022\/09\/5a009134f36dd6ea110bc429ad19ae19-1-768x917.png 768w\" sizes=\"auto, (max-width: 850px) 100vw, 850px\" \/><\/figure>\n\n\n\n<figure class=\"wp-block-image size-large\"><img loading=\"lazy\" decoding=\"async\" width=\"851\" height=\"1014\" data-id=\"58\" src=\"http:\/\/atmysk1114.lovepop.jp\/wp-content\/uploads\/2022\/09\/02e915b7b24f12938773a12ba5fc2fbb-1.png\" alt=\"\" class=\"wp-image-58\" srcset=\"http:\/\/atmysk1114.lovepop.jp\/wp-content\/uploads\/2022\/09\/02e915b7b24f12938773a12ba5fc2fbb-1.png 851w, http:\/\/atmysk1114.lovepop.jp\/wp-content\/uploads\/2022\/09\/02e915b7b24f12938773a12ba5fc2fbb-1-252x300.png 252w, http:\/\/atmysk1114.lovepop.jp\/wp-content\/uploads\/2022\/09\/02e915b7b24f12938773a12ba5fc2fbb-1-768x915.png 768w\" sizes=\"auto, (max-width: 851px) 100vw, 851px\" \/><\/figure>\n<\/figure>\n\n\n\n<h2 class=\"wp-block-heading\">Th\u00f4ng tin c\u00f4ng vi\u1ec7c<\/h2>\n\n\n\n<iframe loading=\"lazy\" src=\"https:\/\/www.facebook.com\/plugins\/page.php?href=https%3A%2F%2Fwww.facebook.com%2Fkabushikigaishawone&amp;tabs=timeline&amp;width=340&amp;height=500&amp;small_header=true&amp;adapt_container_width=true&amp;hide_cover=true&amp;show_facepile=false&amp;appId\" width=\"340\" height=\"500\" style=\"border:none;overflow:hidden\" scrolling=\"no\" frameborder=\"0\" allowfullscreen=\"true\" allow=\"autoplay; clipboard-write; encrypted-media; picture-in-picture; web-share\"><\/iframe>\n","protected":false},"excerpt":{"rendered":"<p>L\u1ee3i \u00edch c\u1ee7a WONE Ngh\u1ec1 nghi\u1ec7p Th\u00f4ng tin c\u00f4ng vi\u1ec7c<\/p>\n","protected":false},"author":1,"featured_media":0,"parent":0,"menu_order":0,"comment_status":"closed","ping_status":"closed","template":"","meta":{"_locale":"vi","_original_post":"http:\/\/atmysk1114.lovepop.jp\/?page_id=21","footnotes":""},"tags":[],"class_list":{"0":"post-119","1":"page","2":"type-page","3":"status-publish","5":"vi"},"_links":{"self":[{"href":"http:\/\/atmysk1114.lovepop.jp\/wp-json\/wp\/v2\/pages\/119","targetHints":{"allow":["GET"]}}],"collection":[{"href":"http:\/\/atmysk1114.lovepop.jp\/wp-json\/wp\/v2\/pages"}],"about":[{"href":"http:\/\/atmysk1114.lovepop.jp\/wp-json\/wp\/v2\/types\/page"}],"author":[{"embeddable":true,"href":"http:\/\/atmysk1114.lovepop.jp\/wp-json\/wp\/v2\/users\/1"}],"replies":[{"embeddable":true,"href":"http:\/\/atmysk1114.lovepop.jp\/wp-json\/wp\/v2\/comments?post=119"}],"version-history":[{"count":2,"href":"http:\/\/atmysk1114.lovepop.jp\/wp-json\/wp\/v2\/pages\/119\/revisions"}],"predecessor-version":[{"id":155,"href":"http:\/\/atmysk1114.lovepop.jp\/wp-json\/wp\/v2\/pages\/119\/revisions\/155"}],"wp:attachment":[{"href":"http:\/\/atmysk1114.lovepop.jp\/wp-json\/wp\/v2\/media?parent=119"}],"wp:term":[{"taxonomy":"post_tag","embeddable":true,"href":"http:\/\/atmysk1114.lovepop.jp\/wp-json\/wp\/v2\/tags?post=119"}],"curies":[{"name":"wp","href":"https:\/\/api.w.org\/{rel}","templated":true}]}}