{"id":122,"date":"2022-09-15T16:52:19","date_gmt":"2022-09-15T07:52:19","guid":{"rendered":"http:\/\/atmysk1114.lovepop.jp\/?page_id=122"},"modified":"2022-09-30T15:17:01","modified_gmt":"2022-09-30T06:17:01","slug":"info","status":"publish","type":"page","link":"http:\/\/atmysk1114.lovepop.jp\/vi\/info\/","title":{"rendered":"Li\u00ean h\u1ec7\/ \u0111\u0103ng k\u00fd"},"content":{"rendered":"\n<p>Vui l\u00f2ng li\u00ean h\u1ec7 v\u1edbi ch\u00fang t\u00f4i theo m\u1eabu d\u01b0\u1edbi \u0111\u00e2y!<br>Ngo\u00e0i ra, n\u1ebfu kh\u00f4ng c\u00f3 th\u01b0 tr\u1ea3 l\u1eddi sau 4 ng\u00e0y, r\u1ea5t c\u00f3 th\u1ec3 v\u00ec l\u00fd do n\u00e0o \u0111\u00f3 m\u00e0 e-mail kh\u00f4ng \u0111\u1ebfn \u0111\u01b0\u1ee3c v\u1edbi b\u1ea1n. Trong tr\u01b0\u1eddng h\u1ee3p \u0111\u00f3, vui l\u00f2ng li\u00ean h\u1ec7 l\u1ea1i v\u1edbi ch\u00fang t\u00f4i.<\/p>\n\n\n\n<h2 class=\"wp-block-heading\">M\u1eabu \u0111\u0103ng k\u00fd t\u1ea1m th\u1eddi d\u00e0nh cho ng\u01b0\u1eddi t\u00ecm vi\u1ec7c<\/h2>\n\n\n\n<div class=\"wpcf7 no-js\" id=\"wpcf7-f163-o1\" lang=\"ja\" dir=\"ltr\" data-wpcf7-id=\"163\">\n<div class=\"screen-reader-response\"><p role=\"status\" aria-live=\"polite\" aria-atomic=\"true\"><\/p> <ul><\/ul><\/div>\n<form action=\"\/vi\/wp-json\/wp\/v2\/pages\/122#wpcf7-f163-o1\" method=\"post\" class=\"wpcf7-form init\" aria-label=\"\u30b3\u30f3\u30bf\u30af\u30c8\u30d5\u30a9\u30fc\u30e0\" novalidate=\"novalidate\" data-status=\"init\">\n<fieldset class=\"hidden-fields-container\"><input type=\"hidden\" name=\"_wpcf7\" value=\"163\" \/><input type=\"hidden\" name=\"_wpcf7_version\" value=\"6.1.5\" \/><input type=\"hidden\" name=\"_wpcf7_locale\" value=\"ja\" \/><input type=\"hidden\" name=\"_wpcf7_unit_tag\" value=\"wpcf7-f163-o1\" \/><input type=\"hidden\" name=\"_wpcf7_container_post\" value=\"0\" \/><input type=\"hidden\" name=\"_wpcf7_posted_data_hash\" value=\"\" \/>\n<\/fieldset>\n<p><label> \u3010H\u1ecd v\u00e0 t\u00ean\uff08Y\u00eau c\u1ea7u\uff09\u3011<br \/>\n<span class=\"wpcf7-form-control-wrap\" data-name=\"your-name\"><input size=\"40\" maxlength=\"400\" class=\"wpcf7-form-control wpcf7-text wpcf7-validates-as-required\" aria-required=\"true\" aria-invalid=\"false\" value=\"\" type=\"text\" name=\"your-name\" \/><\/span> <\/label><br \/>\n<label> \u3010\u0111i\u0323a chi\u0309 email(Y\u00eau c\u1ea7u)\u3011<br \/>\n<span class=\"wpcf7-form-control-wrap\" data-name=\"your-email\"><input size=\"40\" maxlength=\"400\" class=\"wpcf7-form-control wpcf7-email wpcf7-validates-as-required wpcf7-text wpcf7-validates-as-email\" aria-required=\"true\" aria-invalid=\"false\" value=\"\" type=\"email\" name=\"your-email\" \/><\/span> <\/label><br \/>\n<label>\u3010s\u1ed1 \u0111i\u1ec7n tho\u1ea1i(Y\u00eau c\u1ea7u)\u3011<br \/>\n<span class=\"wpcf7-form-control-wrap\" data-name=\"tel-436\"><input size=\"40\" maxlength=\"400\" class=\"wpcf7-form-control wpcf7-tel wpcf7-validates-as-required wpcf7-text wpcf7-validates-as-tel\" aria-required=\"true\" aria-invalid=\"false\" value=\"\" type=\"tel\" name=\"tel-436\" \/><\/span><\/label><br \/>\n<label>\u3010\u0111\u1ecba ch\u1ec9\u3011<br \/>\n<span class=\"wpcf7-form-control-wrap\" data-name=\"text-597\"><input size=\"40\" maxlength=\"400\" class=\"wpcf7-form-control wpcf7-text\" aria-invalid=\"false\" value=\"\" type=\"text\" name=\"text-597\" \/><\/span><\/label><br \/>\n<label>\u3010t\u00ecnh d\u1ee5c\u3011<br \/>\n<span class=\"wpcf7-form-control-wrap\" data-name=\"checkbox-18\"><span class=\"wpcf7-form-control wpcf7-checkbox wpcf7-exclusive-checkbox\"><span class=\"wpcf7-list-item first\"><label><input type=\"checkbox\" name=\"checkbox-18\" value=\"Nam gi\u1edbi\" \/><span class=\"wpcf7-list-item-label\">Nam gi\u1edbi<\/span><\/label><\/span><span class=\"wpcf7-list-item last\"><label><input type=\"checkbox\" name=\"checkbox-18\" value=\"Ng\u01b0\u1eddi \u0111\u00e0n b\u00e0\" \/><span class=\"wpcf7-list-item-label\">Ng\u01b0\u1eddi \u0111\u00e0n b\u00e0<\/span><\/label><\/span><\/span><\/span><\/label><br \/>\n<label>\u3010Qu\u1ed1c t\u1ecbch\u3011<br \/>\n<span class=\"wpcf7-form-control-wrap\" data-name=\"checkbox-19\"><span class=\"wpcf7-form-control wpcf7-checkbox wpcf7-exclusive-checkbox\"><span class=\"wpcf7-list-item first\"><label><input type=\"checkbox\" name=\"checkbox-19\" value=\"Nh\u1eadt B\u1ea3n\" \/><span class=\"wpcf7-list-item-label\">Nh\u1eadt B\u1ea3n<\/span><\/label><\/span><span class=\"wpcf7-list-item\"><label><input type=\"checkbox\" name=\"checkbox-19\" value=\"Brazil\" \/><span class=\"wpcf7-list-item-label\">Brazil<\/span><\/label><\/span><span class=\"wpcf7-list-item\"><label><input type=\"checkbox\" name=\"checkbox-19\" value=\"Philippines\" \/><span class=\"wpcf7-list-item-label\">Philippines<\/span><\/label><\/span><span class=\"wpcf7-list-item\"><label><input type=\"checkbox\" name=\"checkbox-19\" value=\"Vi\u1ec7t Nam\" \/><span class=\"wpcf7-list-item-label\">Vi\u1ec7t Nam<\/span><\/label><\/span><span class=\"wpcf7-list-item last\"><label><input type=\"checkbox\" name=\"checkbox-19\" value=\"Kh\u00e1c\" \/><span class=\"wpcf7-list-item-label\">Kh\u00e1c<\/span><\/label><\/span><\/span><\/span><\/label><br \/>\n<label>\u3010Ng\u00e0y sinh\u3011<br \/>\n<span class=\"wpcf7-form-control-wrap\" data-name=\"date-822\"><input class=\"wpcf7-form-control wpcf7-date wpcf7-validates-as-date\" aria-invalid=\"false\" value=\"\" type=\"date\" name=\"date-822\" \/><\/span><\/label><br \/>\n<label>\u3010ph\u01b0\u01a1ng th\u1ee9c \u0111i l\u00e0m\u3011<br \/>\n<span class=\"wpcf7-form-control-wrap\" data-name=\"checkbox-188\"><span class=\"wpcf7-form-control wpcf7-checkbox\"><span class=\"wpcf7-list-item first\"><label><input type=\"checkbox\" name=\"checkbox-188[]\" value=\"\u00f4 t\u00f4\" \/><span class=\"wpcf7-list-item-label\">\u00f4 t\u00f4<\/span><\/label><\/span><span class=\"wpcf7-list-item\"><label><input type=\"checkbox\" name=\"checkbox-188[]\" value=\"xe \u0111\u1ea1p\" \/><span class=\"wpcf7-list-item-label\">xe \u0111\u1ea1p<\/span><\/label><\/span><span class=\"wpcf7-list-item last\"><label><input type=\"checkbox\" name=\"checkbox-188[]\" value=\"\u0111\u00f3n kh\u00e1ch\" \/><span class=\"wpcf7-list-item-label\">\u0111\u00f3n kh\u00e1ch<\/span><\/label><\/span><\/span><\/span><\/label><br \/>\n<label>\u3010gi\u1ea5y ph\u00e9p \u00b7 B\u1eb1ng c\u1ea5p\u3011<br \/>\n<span class=\"wpcf7-form-control-wrap\" data-name=\"text-598\"><input size=\"40\" maxlength=\"400\" class=\"wpcf7-form-control wpcf7-text\" aria-invalid=\"false\" value=\"\" type=\"text\" name=\"text-598\" \/><\/span><\/label><br \/>\n<label>\u3010l\u1ecbch s\u1eed c\u00f4ng vi\u1ec7c\u3011\u203bVui l\u00f2ng \u0111i\u1ec1n c\u00e0ng nhi\u1ec1u chi ti\u1ebft c\u00e0ng t\u1ed1t v\u1ec1 t\u00ean c\u00f4ng ty, ch\u1ee9c danh c\u00f4ng vi\u1ec7c, nhi\u1ec7m k\u1ef3, m\u00f4 t\u1ea3 c\u00f4ng vi\u1ec7c v\u00e0 l\u00fd do ngh\u1ec9 vi\u1ec7c.<br \/>\n<span class=\"wpcf7-form-control-wrap\" data-name=\"textarea-266\"><textarea cols=\"40\" rows=\"10\" maxlength=\"2000\" class=\"wpcf7-form-control wpcf7-textarea\" aria-invalid=\"false\" name=\"textarea-266\"><\/textarea><\/span><\/label><br \/>\n<label>\u3010Hi\u1ec3u ti\u1ebfng Nh\u1eadt (n\u00f3i)\u3011<br \/>\n<span class=\"wpcf7-form-control-wrap\" data-name=\"menu-286\"><select class=\"wpcf7-form-control wpcf7-select\" aria-invalid=\"false\" name=\"menu-286\"><option value=\"\">&#8212;\u4ee5\u4e0b\u304b\u3089\u9078\u629e\u3057\u3066\u304f\u3060\u3055\u3044&#8212;<\/option><option value=\"0%\">0%<\/option><option value=\"10%\">10%<\/option><option value=\"20%\">20%<\/option><option value=\"30%\">30%<\/option><option value=\"40%\">40%<\/option><option value=\"50%\">50%<\/option><option value=\"60%\">60%<\/option><option value=\"70%\">70%<\/option><option value=\"80%\">80%<\/option><option value=\"90%\">90%<\/option><option value=\"100%\">100%<\/option><\/select><\/span><\/label><br \/>\n<label>\u3010Hi\u1ec3u ti\u1ebfng Nh\u1eadt (nghe)\u3011<br \/>\n<span class=\"wpcf7-form-control-wrap\" data-name=\"menu-287\"><select class=\"wpcf7-form-control wpcf7-select\" aria-invalid=\"false\" name=\"menu-287\"><option value=\"\">&#8212;\u4ee5\u4e0b\u304b\u3089\u9078\u629e\u3057\u3066\u304f\u3060\u3055\u3044&#8212;<\/option><option value=\"0%\">0%<\/option><option value=\"10%\">10%<\/option><option value=\"20%\">20%<\/option><option value=\"30%\">30%<\/option><option value=\"40%\">40%<\/option><option value=\"50%\">50%<\/option><option value=\"60%\">60%<\/option><option value=\"70%\">70%<\/option><option value=\"80%\">80%<\/option><option value=\"90%\">90%<\/option><option value=\"100%\">100%<\/option><\/select><\/span><\/label>\n<\/p>\n<p><input class=\"wpcf7-form-control wpcf7-submit has-spinner\" type=\"submit\" value=\"g\u1eedi\" \/>\n<\/p><div class=\"wpcf7-response-output\" aria-hidden=\"true\"><\/div>\n<\/form>\n<\/div>\n\n\n\n\n<h2 class=\"wp-block-heading\">s\u1ed1 \u0111i\u1ec7n tho\u1ea1i<\/h2>\n\n\n\n<figure class=\"wp-block-image size-large is-resized\"><img loading=\"lazy\" decoding=\"async\" src=\"http:\/\/atmysk1114.lovepop.jp\/wp-content\/uploads\/2022\/09\/f7e4f10d61cebe1586e0540391b0dacb-e1663221653191-1024x118.png\" alt=\"\" class=\"wp-image-15\" width=\"260\" height=\"29\" srcset=\"http:\/\/atmysk1114.lovepop.jp\/wp-content\/uploads\/2022\/09\/f7e4f10d61cebe1586e0540391b0dacb-e1663221653191-1024x118.png 1024w, http:\/\/atmysk1114.lovepop.jp\/wp-content\/uploads\/2022\/09\/f7e4f10d61cebe1586e0540391b0dacb-e1663221653191-300x34.png 300w, http:\/\/atmysk1114.lovepop.jp\/wp-content\/uploads\/2022\/09\/f7e4f10d61cebe1586e0540391b0dacb-e1663221653191-768x88.png 768w, http:\/\/atmysk1114.lovepop.jp\/wp-content\/uploads\/2022\/09\/f7e4f10d61cebe1586e0540391b0dacb-e1663221653191-1536x177.png 1536w, http:\/\/atmysk1114.lovepop.jp\/wp-content\/uploads\/2022\/09\/f7e4f10d61cebe1586e0540391b0dacb-e1663221653191-2048x235.png 2048w\" sizes=\"auto, (max-width: 260px) 100vw, 260px\" \/><\/figure>\n\n\n\n<p>Gi\u1edd l\u00e0m vi\u1ec7c (ng\u00e0y ngh\u1ec9 kh\u00f4ng th\u01b0\u1eddng xuy\u00ean)<br>\u6708~\u571f 9:00~17:00<\/p>\n","protected":false},"excerpt":{"rendered":"<p>Vui l\u00f2ng li\u00ean h\u1ec7 v\u1edbi ch\u00fang t\u00f4i theo m\u1eabu d\u01b0\u1edbi \u0111\u00e2y!Ngo\u00e0i ra, n\u1ebfu kh\u00f4ng c\u00f3 th\u01b0 tr\u1ea3 l\u1eddi sau 4 ng\u00e0y, r\u1ea5t c\u00f3 th\u1ec3 v\u00ec  [&hellip;]<\/p>\n","protected":false},"author":1,"featured_media":0,"parent":0,"menu_order":0,"comment_status":"closed","ping_status":"closed","template":"","meta":{"_locale":"vi","_original_post":"http:\/\/atmysk1114.lovepop.jp\/?page_id=23","footnotes":""},"class_list":{"0":"post-122","1":"page","2":"type-page","3":"status-publish","5":"vi"},"_links":{"self":[{"href":"http:\/\/atmysk1114.lovepop.jp\/wp-json\/wp\/v2\/pages\/122","targetHints":{"allow":["GET"]}}],"collection":[{"href":"http:\/\/atmysk1114.lovepop.jp\/wp-json\/wp\/v2\/pages"}],"about":[{"href":"http:\/\/atmysk1114.lovepop.jp\/wp-json\/wp\/v2\/types\/page"}],"author":[{"embeddable":true,"href":"http:\/\/atmysk1114.lovepop.jp\/wp-json\/wp\/v2\/users\/1"}],"replies":[{"embeddable":true,"href":"http:\/\/atmysk1114.lovepop.jp\/wp-json\/wp\/v2\/comments?post=122"}],"version-history":[{"count":3,"href":"http:\/\/atmysk1114.lovepop.jp\/wp-json\/wp\/v2\/pages\/122\/revisions"}],"predecessor-version":[{"id":166,"href":"http:\/\/atmysk1114.lovepop.jp\/wp-json\/wp\/v2\/pages\/122\/revisions\/166"}],"wp:attachment":[{"href":"http:\/\/atmysk1114.lovepop.jp\/wp-json\/wp\/v2\/media?parent=122"}],"curies":[{"name":"wp","href":"https:\/\/api.w.org\/{rel}","templated":true}]}}